{"id":9778,"date":"2019-05-17T09:48:11","date_gmt":"2019-05-17T07:48:11","guid":{"rendered":"https:\/\/www.myherba-shopping.com\/produkt\/feuchtigkeitscreme-fuer-strahlende-haut-50ml-herbalife-skin-kopie\/"},"modified":"2025-10-15T12:50:59","modified_gmt":"2025-10-15T10:50:59","slug":"feuchtigkeitscreme-fuer-strahlende-haut-50ml-herbalife-skin-kopie","status":"publish","type":"product","link":"https:\/\/myherba-shopping.com\/en\/product\/feuchtigkeitscreme-fuer-strahlende-haut-50ml-herbalife-skin-kopie\/","title":{"rendered":"Feuchtigkeitscreme f\u00fcr strahlende Haut (50ml) Herbalife Skin"},"content":{"rendered":"<p><strong>Herbalife Skin Feuchtigkeitscreme f\u00fcr strahlende Haut<\/strong><\/p>\n<p>Feuchtigkeitscreme f\u00fcr eine gesund wirkende, strahlende Haut. Die Haut strahlt sogar ohne Makeup.<\/p>\n<p>\u2022 Von feinen Linien und F\u00e4ltchen in nur 7 Tagen.*<br \/>\n\u2022 Klinisch getestet, zum Beweis, dass die Haut in nur sieben Tagen strahlender wirkt und sich zarter und geschmeidiger anf\u00fchlt.**<br \/>\n\u2022 Klinisch getestet, zum Beweis der Verdoppelung des Feuchtigkeitsgehalts der Haut \u00fcber acht Stunden.***<br \/>\n\u2022 Dieses Produkt eignet sich ideal immer dann, wenn Sie frische und seidig zarte Haut zeigen wollen oder einfach nur eine leichte\u00a0\u00a0\u00a0\u00a0 Feuchtigkeitscreme auftragen wollen.<br \/>\n\u2022 Ideal f\u00fcr M\u00e4nner und Frauen und f\u00fcr alle Hauttypen geeignet.<br \/>\n\u2022 Ohne Parabenzus\u00e4tze. Sulfatfrei.<br \/>\nDie exklusive Rezeptur enth\u00e4lt: Vitamin B3, die antioxidativen Vitamine C und E, Aloe Vera, Sonnenblumenkern\u00f6l, Extrakt von Spilanthe Acmella, \u00d6l der Makadamianuss, Oliven\u00f6l und Sesamkern\u00f6l.<\/p>\n<p>* Personentests mit visueller Begutachtung durch Experten in Intervallen von 2, 4 und 7 Tagen.<br \/>\n** Die klinischen Tests zur Zartheit der Haut wurden von Visioscan und Reverse Photo Engineering in Intervallen von 0, 7 und 42 Tagen gemessen.<br \/>\n*** Personentests zur Messung des Feuchtigkeitsgehalts der Haut in Intervallen von acht Stunden. Bei 100 % der Teilnehmer zeigte die Haut doppelt so hohen Feuchtigkeitsgehalt nach acht Stunden als zum Ausgangspunkt der Messung.<\/p>\n<p><strong><a href=\"https:\/\/myherba-shopping.com\/wp-content\/uploads\/2019\/05\/0830_label.pdf\" target=\"_blank\" rel=\"noopener noreferrer\">Etikett Feuchtigkeitscreme f\u00fcr die strahlende Haut<\/a><\/strong><\/p>\n<p><strong>\u00a0<\/strong><\/p>\n<p>&nbsp;<\/p>\n","protected":false},"excerpt":{"rendered":"<p>ANWENDUNG: Nach Reiniger, Toner und Serum auftragen.<\/p>\n","protected":false},"featured_media":9200,"comment_status":"open","ping_status":"closed","template":"","meta":{"_acf_changed":false},"product_brand":[],"product_cat":[88,90,93],"product_tag":[],"class_list":{"0":"post-9778","1":"product","2":"type-product","3":"status-publish","4":"has-post-thumbnail","6":"product_cat-body-care","7":"product_cat-herbalife-skin-en","8":"product_cat-product-overview","10":"first","11":"instock","12":"sale","13":"taxable","14":"shipping-taxable","15":"purchasable","16":"product-type-simple"},"acf":[],"yoast_head":"<!-- This site is optimized with the Yoast SEO plugin v25.6 - https:\/\/yoast.com\/wordpress\/plugins\/seo\/ -->\n<title>Feuchtigkeitscreme f\u00fcr strahlende Haut (50ml) Herbalife Skin - Onlineshop - Selbst\u00e4ndiges HERBALIFE-Mitglied Eric Casablanca<\/title>\n<meta name=\"description\" content=\"Dies ist die Webseite eines Selbst\u00e4ndigen HERBALIFE-Mitgliedes. Um auf die offizielle HERBALIFE-Webseite zu gelangen, besuchen Sie bitte HERBALIFE.de.\" \/>\n<meta name=\"robots\" content=\"index, follow, max-snippet:-1, max-image-preview:large, max-video-preview:-1\" \/>\n<link rel=\"canonical\" href=\"https:\/\/myherba-shopping.com\/en\/product\/feuchtigkeitscreme-fuer-strahlende-haut-50ml-herbalife-skin-kopie\/\" \/>\n<meta property=\"og:locale\" content=\"en_US\" \/>\n<meta property=\"og:type\" content=\"article\" \/>\n<meta property=\"og:title\" content=\"Feuchtigkeitscreme f\u00fcr strahlende Haut (50ml) Herbalife Skin - Onlineshop - Selbst\u00e4ndiges HERBALIFE-Mitglied Eric Casablanca\" \/>\n<meta property=\"og:description\" content=\"Dies ist die Webseite eines Selbst\u00e4ndigen HERBALIFE-Mitgliedes. Um auf die offizielle HERBALIFE-Webseite zu gelangen, besuchen Sie bitte HERBALIFE.de.\" \/>\n<meta property=\"og:url\" content=\"https:\/\/myherba-shopping.com\/en\/product\/feuchtigkeitscreme-fuer-strahlende-haut-50ml-herbalife-skin-kopie\/\" \/>\n<meta property=\"og:site_name\" content=\"- Onlineshop - Selbst\u00e4ndiges HERBALIFE-Mitglied Eric Casablanca\" \/>\n<meta property=\"article:modified_time\" content=\"2025-10-15T10:50:59+00:00\" \/>\n<meta property=\"og:image\" content=\"https:\/\/myherba-shopping.com\/wp-content\/uploads\/2019\/09\/0830_AU1.png\" \/>\n\t<meta property=\"og:image:width\" content=\"800\" \/>\n\t<meta property=\"og:image:height\" content=\"800\" \/>\n\t<meta property=\"og:image:type\" content=\"image\/png\" \/>\n<meta name=\"twitter:card\" content=\"summary_large_image\" \/>\n<meta name=\"twitter:label1\" content=\"Est. reading time\" \/>\n\t<meta name=\"twitter:data1\" content=\"1 minute\" \/>\n<script type=\"application\/ld+json\" class=\"yoast-schema-graph\">{\"@context\":\"https:\/\/schema.org\",\"@graph\":[{\"@type\":\"WebPage\",\"@id\":\"https:\/\/myherba-shopping.com\/en\/product\/feuchtigkeitscreme-fuer-strahlende-haut-50ml-herbalife-skin-kopie\/\",\"url\":\"https:\/\/myherba-shopping.com\/en\/product\/feuchtigkeitscreme-fuer-strahlende-haut-50ml-herbalife-skin-kopie\/\",\"name\":\"Feuchtigkeitscreme f\u00fcr strahlende Haut (50ml) Herbalife Skin - Onlineshop - Selbst\u00e4ndiges HERBALIFE-Mitglied Eric Casablanca\",\"isPartOf\":{\"@id\":\"https:\/\/myherba-shopping.com\/#website\"},\"primaryImageOfPage\":{\"@id\":\"https:\/\/myherba-shopping.com\/en\/product\/feuchtigkeitscreme-fuer-strahlende-haut-50ml-herbalife-skin-kopie\/#primaryimage\"},\"image\":{\"@id\":\"https:\/\/myherba-shopping.com\/en\/product\/feuchtigkeitscreme-fuer-strahlende-haut-50ml-herbalife-skin-kopie\/#primaryimage\"},\"thumbnailUrl\":\"https:\/\/myherba-shopping.com\/wp-content\/uploads\/2019\/09\/0830_AU1.png\",\"datePublished\":\"2019-05-17T07:48:11+00:00\",\"dateModified\":\"2025-10-15T10:50:59+00:00\",\"description\":\"Dies ist die Webseite eines Selbst\u00e4ndigen HERBALIFE-Mitgliedes. Um auf die offizielle HERBALIFE-Webseite zu gelangen, besuchen Sie bitte HERBALIFE.de.\",\"breadcrumb\":{\"@id\":\"https:\/\/myherba-shopping.com\/en\/product\/feuchtigkeitscreme-fuer-strahlende-haut-50ml-herbalife-skin-kopie\/#breadcrumb\"},\"inLanguage\":\"en-US\",\"potentialAction\":[{\"@type\":\"ReadAction\",\"target\":[\"https:\/\/myherba-shopping.com\/en\/product\/feuchtigkeitscreme-fuer-strahlende-haut-50ml-herbalife-skin-kopie\/\"]}]},{\"@type\":\"ImageObject\",\"inLanguage\":\"en-US\",\"@id\":\"https:\/\/myherba-shopping.com\/en\/product\/feuchtigkeitscreme-fuer-strahlende-haut-50ml-herbalife-skin-kopie\/#primaryimage\",\"url\":\"https:\/\/myherba-shopping.com\/wp-content\/uploads\/2019\/09\/0830_AU1.png\",\"contentUrl\":\"https:\/\/myherba-shopping.com\/wp-content\/uploads\/2019\/09\/0830_AU1.png\",\"width\":800,\"height\":800},{\"@type\":\"BreadcrumbList\",\"@id\":\"https:\/\/myherba-shopping.com\/en\/product\/feuchtigkeitscreme-fuer-strahlende-haut-50ml-herbalife-skin-kopie\/#breadcrumb\",\"itemListElement\":[{\"@type\":\"ListItem\",\"position\":1,\"name\":\"Startseite\",\"item\":\"https:\/\/myherba-shopping.com\/en\/\"},{\"@type\":\"ListItem\",\"position\":2,\"name\":\"Product Overview\",\"item\":\"https:\/\/myherba-shopping.com\/en\/shop\/\"},{\"@type\":\"ListItem\",\"position\":3,\"name\":\"Feuchtigkeitscreme f\u00fcr strahlende Haut (50ml) Herbalife Skin\"}]},{\"@type\":\"WebSite\",\"@id\":\"https:\/\/myherba-shopping.com\/#website\",\"url\":\"https:\/\/myherba-shopping.com\/\",\"name\":\"- Onlineshop - Selbst\u00e4ndiges HERBALIFE-Mitglied Eric Casablanca\",\"description\":\"\",\"publisher\":{\"@id\":\"https:\/\/myherba-shopping.com\/#organization\"},\"potentialAction\":[{\"@type\":\"SearchAction\",\"target\":{\"@type\":\"EntryPoint\",\"urlTemplate\":\"https:\/\/myherba-shopping.com\/?s={search_term_string}\"},\"query-input\":{\"@type\":\"PropertyValueSpecification\",\"valueRequired\":true,\"valueName\":\"search_term_string\"}}],\"inLanguage\":\"en-US\"},{\"@type\":\"Organization\",\"@id\":\"https:\/\/myherba-shopping.com\/#organization\",\"name\":\"HERBALIFE Onlineshop Eric Casablanca\",\"url\":\"https:\/\/myherba-shopping.com\/\",\"logo\":{\"@type\":\"ImageObject\",\"inLanguage\":\"en-US\",\"@id\":\"https:\/\/myherba-shopping.com\/#\/schema\/logo\/image\/\",\"url\":\"https:\/\/myherba-shopping.com\/wp-content\/uploads\/2019\/03\/logo_08.2017_header.png\",\"contentUrl\":\"https:\/\/myherba-shopping.com\/wp-content\/uploads\/2019\/03\/logo_08.2017_header.png\",\"width\":300,\"height\":76,\"caption\":\"HERBALIFE Onlineshop Eric Casablanca\"},\"image\":{\"@id\":\"https:\/\/myherba-shopping.com\/#\/schema\/logo\/image\/\"}}]}<\/script>\n<!-- \/ Yoast SEO plugin. -->","yoast_head_json":{"title":"Feuchtigkeitscreme f\u00fcr strahlende Haut (50ml) Herbalife Skin - Onlineshop - Selbst\u00e4ndiges HERBALIFE-Mitglied Eric Casablanca","description":"Dies ist die Webseite eines Selbst\u00e4ndigen HERBALIFE-Mitgliedes. Um auf die offizielle HERBALIFE-Webseite zu gelangen, besuchen Sie bitte HERBALIFE.de.","robots":{"index":"index","follow":"follow","max-snippet":"max-snippet:-1","max-image-preview":"max-image-preview:large","max-video-preview":"max-video-preview:-1"},"canonical":"https:\/\/myherba-shopping.com\/en\/product\/feuchtigkeitscreme-fuer-strahlende-haut-50ml-herbalife-skin-kopie\/","og_locale":"en_US","og_type":"article","og_title":"Feuchtigkeitscreme f\u00fcr strahlende Haut (50ml) Herbalife Skin - Onlineshop - Selbst\u00e4ndiges HERBALIFE-Mitglied Eric Casablanca","og_description":"Dies ist die Webseite eines Selbst\u00e4ndigen HERBALIFE-Mitgliedes. Um auf die offizielle HERBALIFE-Webseite zu gelangen, besuchen Sie bitte HERBALIFE.de.","og_url":"https:\/\/myherba-shopping.com\/en\/product\/feuchtigkeitscreme-fuer-strahlende-haut-50ml-herbalife-skin-kopie\/","og_site_name":"- Onlineshop - Selbst\u00e4ndiges HERBALIFE-Mitglied Eric Casablanca","article_modified_time":"2025-10-15T10:50:59+00:00","og_image":[{"width":800,"height":800,"url":"https:\/\/myherba-shopping.com\/wp-content\/uploads\/2019\/09\/0830_AU1.png","type":"image\/png"}],"twitter_card":"summary_large_image","twitter_misc":{"Est. reading time":"1 minute"},"schema":{"@context":"https:\/\/schema.org","@graph":[{"@type":"WebPage","@id":"https:\/\/myherba-shopping.com\/en\/product\/feuchtigkeitscreme-fuer-strahlende-haut-50ml-herbalife-skin-kopie\/","url":"https:\/\/myherba-shopping.com\/en\/product\/feuchtigkeitscreme-fuer-strahlende-haut-50ml-herbalife-skin-kopie\/","name":"Feuchtigkeitscreme f\u00fcr strahlende Haut (50ml) Herbalife Skin - Onlineshop - Selbst\u00e4ndiges HERBALIFE-Mitglied Eric Casablanca","isPartOf":{"@id":"https:\/\/myherba-shopping.com\/#website"},"primaryImageOfPage":{"@id":"https:\/\/myherba-shopping.com\/en\/product\/feuchtigkeitscreme-fuer-strahlende-haut-50ml-herbalife-skin-kopie\/#primaryimage"},"image":{"@id":"https:\/\/myherba-shopping.com\/en\/product\/feuchtigkeitscreme-fuer-strahlende-haut-50ml-herbalife-skin-kopie\/#primaryimage"},"thumbnailUrl":"https:\/\/myherba-shopping.com\/wp-content\/uploads\/2019\/09\/0830_AU1.png","datePublished":"2019-05-17T07:48:11+00:00","dateModified":"2025-10-15T10:50:59+00:00","description":"Dies ist die Webseite eines Selbst\u00e4ndigen HERBALIFE-Mitgliedes. Um auf die offizielle HERBALIFE-Webseite zu gelangen, besuchen Sie bitte HERBALIFE.de.","breadcrumb":{"@id":"https:\/\/myherba-shopping.com\/en\/product\/feuchtigkeitscreme-fuer-strahlende-haut-50ml-herbalife-skin-kopie\/#breadcrumb"},"inLanguage":"en-US","potentialAction":[{"@type":"ReadAction","target":["https:\/\/myherba-shopping.com\/en\/product\/feuchtigkeitscreme-fuer-strahlende-haut-50ml-herbalife-skin-kopie\/"]}]},{"@type":"ImageObject","inLanguage":"en-US","@id":"https:\/\/myherba-shopping.com\/en\/product\/feuchtigkeitscreme-fuer-strahlende-haut-50ml-herbalife-skin-kopie\/#primaryimage","url":"https:\/\/myherba-shopping.com\/wp-content\/uploads\/2019\/09\/0830_AU1.png","contentUrl":"https:\/\/myherba-shopping.com\/wp-content\/uploads\/2019\/09\/0830_AU1.png","width":800,"height":800},{"@type":"BreadcrumbList","@id":"https:\/\/myherba-shopping.com\/en\/product\/feuchtigkeitscreme-fuer-strahlende-haut-50ml-herbalife-skin-kopie\/#breadcrumb","itemListElement":[{"@type":"ListItem","position":1,"name":"Startseite","item":"https:\/\/myherba-shopping.com\/en\/"},{"@type":"ListItem","position":2,"name":"Product Overview","item":"https:\/\/myherba-shopping.com\/en\/shop\/"},{"@type":"ListItem","position":3,"name":"Feuchtigkeitscreme f\u00fcr strahlende Haut (50ml) Herbalife Skin"}]},{"@type":"WebSite","@id":"https:\/\/myherba-shopping.com\/#website","url":"https:\/\/myherba-shopping.com\/","name":"- Onlineshop - Selbst\u00e4ndiges HERBALIFE-Mitglied Eric Casablanca","description":"","publisher":{"@id":"https:\/\/myherba-shopping.com\/#organization"},"potentialAction":[{"@type":"SearchAction","target":{"@type":"EntryPoint","urlTemplate":"https:\/\/myherba-shopping.com\/?s={search_term_string}"},"query-input":{"@type":"PropertyValueSpecification","valueRequired":true,"valueName":"search_term_string"}}],"inLanguage":"en-US"},{"@type":"Organization","@id":"https:\/\/myherba-shopping.com\/#organization","name":"HERBALIFE Onlineshop Eric Casablanca","url":"https:\/\/myherba-shopping.com\/","logo":{"@type":"ImageObject","inLanguage":"en-US","@id":"https:\/\/myherba-shopping.com\/#\/schema\/logo\/image\/","url":"https:\/\/myherba-shopping.com\/wp-content\/uploads\/2019\/03\/logo_08.2017_header.png","contentUrl":"https:\/\/myherba-shopping.com\/wp-content\/uploads\/2019\/03\/logo_08.2017_header.png","width":300,"height":76,"caption":"HERBALIFE Onlineshop Eric Casablanca"},"image":{"@id":"https:\/\/myherba-shopping.com\/#\/schema\/logo\/image\/"}}]}},"_links":{"self":[{"href":"https:\/\/myherba-shopping.com\/en\/wp-json\/wp\/v2\/product\/9778","targetHints":{"allow":["GET"]}}],"collection":[{"href":"https:\/\/myherba-shopping.com\/en\/wp-json\/wp\/v2\/product"}],"about":[{"href":"https:\/\/myherba-shopping.com\/en\/wp-json\/wp\/v2\/types\/product"}],"replies":[{"embeddable":true,"href":"https:\/\/myherba-shopping.com\/en\/wp-json\/wp\/v2\/comments?post=9778"}],"wp:featuredmedia":[{"embeddable":true,"href":"https:\/\/myherba-shopping.com\/en\/wp-json\/wp\/v2\/media\/9200"}],"wp:attachment":[{"href":"https:\/\/myherba-shopping.com\/en\/wp-json\/wp\/v2\/media?parent=9778"}],"wp:term":[{"taxonomy":"product_brand","embeddable":true,"href":"https:\/\/myherba-shopping.com\/en\/wp-json\/wp\/v2\/product_brand?post=9778"},{"taxonomy":"product_cat","embeddable":true,"href":"https:\/\/myherba-shopping.com\/en\/wp-json\/wp\/v2\/product_cat?post=9778"},{"taxonomy":"product_tag","embeddable":true,"href":"https:\/\/myherba-shopping.com\/en\/wp-json\/wp\/v2\/product_tag?post=9778"}],"curies":[{"name":"wp","href":"https:\/\/api.w.org\/{rel}","templated":true}]}}