{"id":9810,"date":"2019-05-14T16:12:53","date_gmt":"2019-05-14T14:12:53","guid":{"rendered":"https:\/\/www.myherba-shopping.com\/produkt\/beta-heart-cholesterinspiegel-im-blut-senkend-herbalife-kopie\/"},"modified":"2025-04-05T10:03:29","modified_gmt":"2025-04-05T08:03:29","slug":"beta-heart-cholesterinspiegel-im-blut-senkend-herbalife-kopie","status":"publish","type":"product","link":"https:\/\/myherba-shopping.com\/en\/product\/beta-heart-cholesterinspiegel-im-blut-senkend-herbalife-kopie\/","title":{"rendered":"Beta Heart\u00ae (Cholesterinspiegel im Blut senkend) Herbalife"},"content":{"rendered":"<div>Herblife Beta Heart\u00ae<\/div>\n<div><strong>\u00dcberblick<\/strong><\/div>\n<div>\n<div>Herbalife Beta Heart\u00ae ist ein n\u00e4hrstoffreiches Pulver mit Vanillegeschmack, das als Hauptbestandteil OatWellTM Hafer-Beta-Glucan enth\u00e4lt. Hafer-Beta-Glucan verringert nachweislich den Cholesteringehalt im Blut. Ein hoher Cholesterinwert geh\u00f6rt zu den Risikofaktoren f\u00fcr die koronare Herzerkrankung. Beta-Glucan tr\u00e4gt zur Aufrechterhaltung eines normalen Cholesterinspiegels im Blut bei.*<\/div>\n<div><\/div>\n<div>\n<p><em>*Die koronare Herzerkrankung hat mehrere Risikofaktoren und die \u00c4nderung eines Risikofaktors kann oder kann auch nicht positive Auswirkungen haben.<\/em><\/p>\n<p>Messl\u00f6ffel (7,625 gr.)Beta Heart\u00ae enth\u00e4lt:<\/p>\n<\/div>\n<div>&#8211; 1,5 g Hafer-Beta-Glucan<\/div>\n<div>&#8211; Hoher Ballaststoffgehalt (3 g)<\/div>\n<div>&#8211; Proteinquelle<\/div>\n<div>&#8211; 25 kcal<\/div>\n<div>&#8211; Ohne Zucker<\/div>\n<div>Eine positive Wirkung wird mit einer t\u00e4glichen Aufnahme von mindestens 3 g Hafer-Beta-Glucan erreicht.<\/div>\n<div><\/div>\n<\/div>\n<div><\/div>\n<div><strong>Details<\/strong><\/div>\n<div>Unabh\u00e4ngig von Ihrem Alter, kann Ihr Lebensstil Auswirkungen auf Ihren Cholesterinspiegel haben. Achten Sie mit drei einfachen Schritten auf Ihre Gesundheit.<\/div>\n<div><\/div>\n<div><strong>Schritt 1:<\/strong> <strong>Ausgewogene Ern\u00e4hrung<\/strong><\/div>\n<div>Reduzieren Sie die Aufnahme von ges\u00e4ttigten Fetten und Transfetten und greifen stattdessen zu:<\/div>\n<div><\/div>\n<div>&#8211; Vollkornprodukten anstatt wei\u00dfem Brot\/ wei\u00dfer Pasta<\/div>\n<div>&#8211; fettreichen Fischen und magerem Gefl\u00fcgel, anstatt industriell verarbeitetem oder rotem Fleisch<\/div>\n<div>&#8211; N\u00fcsse, K\u00f6rner oder Sojabohnen anstatt fertige Snacks wie Chips.<\/div>\n<div><\/div>\n<div><strong>Schritt 2: Aktiver Lebensstil<\/strong><\/div>\n<div>Ein aktiver Lebensstil hilft das &#8220;gute&#8221; Cholesterin (HDL) im Blut zu erh\u00f6hen. Es stimuliert die Bewegung von Fettablagerungen der Leber, was dabei hilft das Herz und die Blutgef\u00e4\u00dfe in gutem Zustand zu halten.<\/div>\n<div><\/div>\n<div><strong>Schritt 3: Verst\u00e4rkung der Ern\u00e4hrung<\/strong><\/div>\n<div>Ballaststoffreich und Proteinquelle, eine Portion Beta Heart\u00ae enth\u00e4lt au\u00dferdem: 1,5 g Beta-Glucan, ein l\u00f6slicher Ballaststoff, der in Haferkleie zu finden ist. Dieser hilft den Cholesterinspiegel zu senken oder aufrechtzuerhalten.*<\/div>\n<div><\/div>\n<div><\/div>\n<div>ZUTATEN: Haferkleiepulver (89 %), Pulver aus pflanzlichen Fetten (Sonnenblumen\u00f6l, Maltodextrin, Natriumcaseinat (Milch)), Aroma.<br \/>\nAllergiehinweis: Achten Sie auf die fettgedruckten Zutaten f\u00fcr Hinweise auf Allergene, inklusive Getreide, die Gluten enthalten.<\/div>\n<div><\/div>\n<div><a href=\"https:\/\/myherba-shopping.com\/wp-content\/uploads\/2019\/05\/0267_label.pdf\" target=\"_blank\" rel=\"noopener noreferrer\">Etikett Beta Heart<\/a><\/div>\n<div><\/div>\n<div><\/div>\n<div><a href=\"https:\/\/myherba-shopping.com\/wp-content\/uploads\/2020\/03\/0267J3320_Beta_heart_2016_A4_ClaimsForm_GE-AU_Hi-Res.pdf\" target=\"_blank\" rel=\"noopener noreferrer\">Produktaussagen Beta Heart<\/a><\/div>\n<div><\/div>\n","protected":false},"excerpt":{"rendered":"<p>Herblife Beta Heart\u00ae<\/p>\n<p>Einfach 1 oder 2 Messl\u00f6ffel Beta Heart\u00ae einmal t\u00e4glich mit Wasser, Fruchtsaft oder Ihrem Lieblings Formula 1-Shake vermischen f\u00fcr ein ausgewogenes Fr\u00fchst\u00fcck, Mittag- oder Abendessen.<\/p>\n","protected":false},"featured_media":9067,"comment_status":"open","ping_status":"closed","template":"","meta":{"_acf_changed":false},"product_brand":[],"product_cat":[92,93],"product_tag":[],"class_list":{"0":"post-9810","1":"product","2":"type-product","3":"status-publish","4":"has-post-thumbnail","6":"product_cat-nutrition-supplements","7":"product_cat-product-overview","9":"first","10":"instock","11":"sale","12":"taxable","13":"shipping-taxable","14":"purchasable","15":"product-type-simple"},"acf":[],"yoast_head":"<!-- This site is optimized with the Yoast SEO plugin v25.6 - https:\/\/yoast.com\/wordpress\/plugins\/seo\/ -->\n<title>Beta Heart\u00ae (Cholesterinspiegel im Blut senkend) Herbalife - Onlineshop - Selbst\u00e4ndiges HERBALIFE-Mitglied Eric Casablanca<\/title>\n<meta name=\"description\" content=\"Dies ist die Webseite eines Selbst\u00e4ndigen HERBALIFE-Mitgliedes. Um auf die offizielle HERBALIFE-Webseite zu gelangen, besuchen Sie bitte HERBALIFE.de.\" \/>\n<meta name=\"robots\" content=\"index, follow, max-snippet:-1, max-image-preview:large, max-video-preview:-1\" \/>\n<link rel=\"canonical\" href=\"https:\/\/myherba-shopping.com\/en\/product\/beta-heart-cholesterinspiegel-im-blut-senkend-herbalife-kopie\/\" \/>\n<meta property=\"og:locale\" content=\"en_US\" \/>\n<meta property=\"og:type\" content=\"article\" \/>\n<meta property=\"og:title\" content=\"Beta Heart\u00ae (Cholesterinspiegel im Blut senkend) Herbalife - Onlineshop - Selbst\u00e4ndiges HERBALIFE-Mitglied Eric Casablanca\" \/>\n<meta property=\"og:description\" content=\"Dies ist die Webseite eines Selbst\u00e4ndigen HERBALIFE-Mitgliedes. Um auf die offizielle HERBALIFE-Webseite zu gelangen, besuchen Sie bitte HERBALIFE.de.\" \/>\n<meta property=\"og:url\" content=\"https:\/\/myherba-shopping.com\/en\/product\/beta-heart-cholesterinspiegel-im-blut-senkend-herbalife-kopie\/\" \/>\n<meta property=\"og:site_name\" content=\"- Onlineshop - Selbst\u00e4ndiges HERBALIFE-Mitglied Eric Casablanca\" \/>\n<meta property=\"article:modified_time\" content=\"2025-04-05T08:03:29+00:00\" \/>\n<meta property=\"og:image\" content=\"https:\/\/myherba-shopping.com\/wp-content\/uploads\/2019\/09\/0267_AU1-1.png\" \/>\n\t<meta property=\"og:image:width\" content=\"800\" \/>\n\t<meta property=\"og:image:height\" content=\"800\" \/>\n\t<meta property=\"og:image:type\" content=\"image\/png\" \/>\n<meta name=\"twitter:card\" content=\"summary_large_image\" \/>\n<meta name=\"twitter:label1\" content=\"Est. reading time\" \/>\n\t<meta name=\"twitter:data1\" content=\"1 minute\" \/>\n<script type=\"application\/ld+json\" class=\"yoast-schema-graph\">{\"@context\":\"https:\/\/schema.org\",\"@graph\":[{\"@type\":\"WebPage\",\"@id\":\"https:\/\/myherba-shopping.com\/en\/product\/beta-heart-cholesterinspiegel-im-blut-senkend-herbalife-kopie\/\",\"url\":\"https:\/\/myherba-shopping.com\/en\/product\/beta-heart-cholesterinspiegel-im-blut-senkend-herbalife-kopie\/\",\"name\":\"Beta Heart\u00ae (Cholesterinspiegel im Blut senkend) Herbalife - Onlineshop - Selbst\u00e4ndiges HERBALIFE-Mitglied Eric Casablanca\",\"isPartOf\":{\"@id\":\"https:\/\/myherba-shopping.com\/#website\"},\"primaryImageOfPage\":{\"@id\":\"https:\/\/myherba-shopping.com\/en\/product\/beta-heart-cholesterinspiegel-im-blut-senkend-herbalife-kopie\/#primaryimage\"},\"image\":{\"@id\":\"https:\/\/myherba-shopping.com\/en\/product\/beta-heart-cholesterinspiegel-im-blut-senkend-herbalife-kopie\/#primaryimage\"},\"thumbnailUrl\":\"https:\/\/myherba-shopping.com\/wp-content\/uploads\/2019\/09\/0267_AU1-1.png\",\"datePublished\":\"2019-05-14T14:12:53+00:00\",\"dateModified\":\"2025-04-05T08:03:29+00:00\",\"description\":\"Dies ist die Webseite eines Selbst\u00e4ndigen HERBALIFE-Mitgliedes. Um auf die offizielle HERBALIFE-Webseite zu gelangen, besuchen Sie bitte HERBALIFE.de.\",\"breadcrumb\":{\"@id\":\"https:\/\/myherba-shopping.com\/en\/product\/beta-heart-cholesterinspiegel-im-blut-senkend-herbalife-kopie\/#breadcrumb\"},\"inLanguage\":\"en-US\",\"potentialAction\":[{\"@type\":\"ReadAction\",\"target\":[\"https:\/\/myherba-shopping.com\/en\/product\/beta-heart-cholesterinspiegel-im-blut-senkend-herbalife-kopie\/\"]}]},{\"@type\":\"ImageObject\",\"inLanguage\":\"en-US\",\"@id\":\"https:\/\/myherba-shopping.com\/en\/product\/beta-heart-cholesterinspiegel-im-blut-senkend-herbalife-kopie\/#primaryimage\",\"url\":\"https:\/\/myherba-shopping.com\/wp-content\/uploads\/2019\/09\/0267_AU1-1.png\",\"contentUrl\":\"https:\/\/myherba-shopping.com\/wp-content\/uploads\/2019\/09\/0267_AU1-1.png\",\"width\":800,\"height\":800},{\"@type\":\"BreadcrumbList\",\"@id\":\"https:\/\/myherba-shopping.com\/en\/product\/beta-heart-cholesterinspiegel-im-blut-senkend-herbalife-kopie\/#breadcrumb\",\"itemListElement\":[{\"@type\":\"ListItem\",\"position\":1,\"name\":\"Startseite\",\"item\":\"https:\/\/myherba-shopping.com\/en\/\"},{\"@type\":\"ListItem\",\"position\":2,\"name\":\"Product Overview\",\"item\":\"https:\/\/myherba-shopping.com\/en\/shop\/\"},{\"@type\":\"ListItem\",\"position\":3,\"name\":\"Beta Heart\u00ae (Cholesterinspiegel im Blut senkend) Herbalife\"}]},{\"@type\":\"WebSite\",\"@id\":\"https:\/\/myherba-shopping.com\/#website\",\"url\":\"https:\/\/myherba-shopping.com\/\",\"name\":\"- Onlineshop - Selbst\u00e4ndiges HERBALIFE-Mitglied Eric Casablanca\",\"description\":\"\",\"publisher\":{\"@id\":\"https:\/\/myherba-shopping.com\/#organization\"},\"potentialAction\":[{\"@type\":\"SearchAction\",\"target\":{\"@type\":\"EntryPoint\",\"urlTemplate\":\"https:\/\/myherba-shopping.com\/?s={search_term_string}\"},\"query-input\":{\"@type\":\"PropertyValueSpecification\",\"valueRequired\":true,\"valueName\":\"search_term_string\"}}],\"inLanguage\":\"en-US\"},{\"@type\":\"Organization\",\"@id\":\"https:\/\/myherba-shopping.com\/#organization\",\"name\":\"HERBALIFE Onlineshop Eric Casablanca\",\"url\":\"https:\/\/myherba-shopping.com\/\",\"logo\":{\"@type\":\"ImageObject\",\"inLanguage\":\"en-US\",\"@id\":\"https:\/\/myherba-shopping.com\/#\/schema\/logo\/image\/\",\"url\":\"https:\/\/myherba-shopping.com\/wp-content\/uploads\/2019\/03\/logo_08.2017_header.png\",\"contentUrl\":\"https:\/\/myherba-shopping.com\/wp-content\/uploads\/2019\/03\/logo_08.2017_header.png\",\"width\":300,\"height\":76,\"caption\":\"HERBALIFE Onlineshop Eric Casablanca\"},\"image\":{\"@id\":\"https:\/\/myherba-shopping.com\/#\/schema\/logo\/image\/\"}}]}<\/script>\n<!-- \/ Yoast SEO plugin. -->","yoast_head_json":{"title":"Beta Heart\u00ae (Cholesterinspiegel im Blut senkend) Herbalife - Onlineshop - Selbst\u00e4ndiges HERBALIFE-Mitglied Eric Casablanca","description":"Dies ist die Webseite eines Selbst\u00e4ndigen HERBALIFE-Mitgliedes. Um auf die offizielle HERBALIFE-Webseite zu gelangen, besuchen Sie bitte HERBALIFE.de.","robots":{"index":"index","follow":"follow","max-snippet":"max-snippet:-1","max-image-preview":"max-image-preview:large","max-video-preview":"max-video-preview:-1"},"canonical":"https:\/\/myherba-shopping.com\/en\/product\/beta-heart-cholesterinspiegel-im-blut-senkend-herbalife-kopie\/","og_locale":"en_US","og_type":"article","og_title":"Beta Heart\u00ae (Cholesterinspiegel im Blut senkend) Herbalife - Onlineshop - Selbst\u00e4ndiges HERBALIFE-Mitglied Eric Casablanca","og_description":"Dies ist die Webseite eines Selbst\u00e4ndigen HERBALIFE-Mitgliedes. Um auf die offizielle HERBALIFE-Webseite zu gelangen, besuchen Sie bitte HERBALIFE.de.","og_url":"https:\/\/myherba-shopping.com\/en\/product\/beta-heart-cholesterinspiegel-im-blut-senkend-herbalife-kopie\/","og_site_name":"- Onlineshop - Selbst\u00e4ndiges HERBALIFE-Mitglied Eric Casablanca","article_modified_time":"2025-04-05T08:03:29+00:00","og_image":[{"width":800,"height":800,"url":"https:\/\/myherba-shopping.com\/wp-content\/uploads\/2019\/09\/0267_AU1-1.png","type":"image\/png"}],"twitter_card":"summary_large_image","twitter_misc":{"Est. reading time":"1 minute"},"schema":{"@context":"https:\/\/schema.org","@graph":[{"@type":"WebPage","@id":"https:\/\/myherba-shopping.com\/en\/product\/beta-heart-cholesterinspiegel-im-blut-senkend-herbalife-kopie\/","url":"https:\/\/myherba-shopping.com\/en\/product\/beta-heart-cholesterinspiegel-im-blut-senkend-herbalife-kopie\/","name":"Beta Heart\u00ae (Cholesterinspiegel im Blut senkend) Herbalife - Onlineshop - Selbst\u00e4ndiges HERBALIFE-Mitglied Eric Casablanca","isPartOf":{"@id":"https:\/\/myherba-shopping.com\/#website"},"primaryImageOfPage":{"@id":"https:\/\/myherba-shopping.com\/en\/product\/beta-heart-cholesterinspiegel-im-blut-senkend-herbalife-kopie\/#primaryimage"},"image":{"@id":"https:\/\/myherba-shopping.com\/en\/product\/beta-heart-cholesterinspiegel-im-blut-senkend-herbalife-kopie\/#primaryimage"},"thumbnailUrl":"https:\/\/myherba-shopping.com\/wp-content\/uploads\/2019\/09\/0267_AU1-1.png","datePublished":"2019-05-14T14:12:53+00:00","dateModified":"2025-04-05T08:03:29+00:00","description":"Dies ist die Webseite eines Selbst\u00e4ndigen HERBALIFE-Mitgliedes. Um auf die offizielle HERBALIFE-Webseite zu gelangen, besuchen Sie bitte HERBALIFE.de.","breadcrumb":{"@id":"https:\/\/myherba-shopping.com\/en\/product\/beta-heart-cholesterinspiegel-im-blut-senkend-herbalife-kopie\/#breadcrumb"},"inLanguage":"en-US","potentialAction":[{"@type":"ReadAction","target":["https:\/\/myherba-shopping.com\/en\/product\/beta-heart-cholesterinspiegel-im-blut-senkend-herbalife-kopie\/"]}]},{"@type":"ImageObject","inLanguage":"en-US","@id":"https:\/\/myherba-shopping.com\/en\/product\/beta-heart-cholesterinspiegel-im-blut-senkend-herbalife-kopie\/#primaryimage","url":"https:\/\/myherba-shopping.com\/wp-content\/uploads\/2019\/09\/0267_AU1-1.png","contentUrl":"https:\/\/myherba-shopping.com\/wp-content\/uploads\/2019\/09\/0267_AU1-1.png","width":800,"height":800},{"@type":"BreadcrumbList","@id":"https:\/\/myherba-shopping.com\/en\/product\/beta-heart-cholesterinspiegel-im-blut-senkend-herbalife-kopie\/#breadcrumb","itemListElement":[{"@type":"ListItem","position":1,"name":"Startseite","item":"https:\/\/myherba-shopping.com\/en\/"},{"@type":"ListItem","position":2,"name":"Product Overview","item":"https:\/\/myherba-shopping.com\/en\/shop\/"},{"@type":"ListItem","position":3,"name":"Beta Heart\u00ae (Cholesterinspiegel im Blut senkend) Herbalife"}]},{"@type":"WebSite","@id":"https:\/\/myherba-shopping.com\/#website","url":"https:\/\/myherba-shopping.com\/","name":"- Onlineshop - Selbst\u00e4ndiges HERBALIFE-Mitglied Eric Casablanca","description":"","publisher":{"@id":"https:\/\/myherba-shopping.com\/#organization"},"potentialAction":[{"@type":"SearchAction","target":{"@type":"EntryPoint","urlTemplate":"https:\/\/myherba-shopping.com\/?s={search_term_string}"},"query-input":{"@type":"PropertyValueSpecification","valueRequired":true,"valueName":"search_term_string"}}],"inLanguage":"en-US"},{"@type":"Organization","@id":"https:\/\/myherba-shopping.com\/#organization","name":"HERBALIFE Onlineshop Eric Casablanca","url":"https:\/\/myherba-shopping.com\/","logo":{"@type":"ImageObject","inLanguage":"en-US","@id":"https:\/\/myherba-shopping.com\/#\/schema\/logo\/image\/","url":"https:\/\/myherba-shopping.com\/wp-content\/uploads\/2019\/03\/logo_08.2017_header.png","contentUrl":"https:\/\/myherba-shopping.com\/wp-content\/uploads\/2019\/03\/logo_08.2017_header.png","width":300,"height":76,"caption":"HERBALIFE Onlineshop Eric Casablanca"},"image":{"@id":"https:\/\/myherba-shopping.com\/#\/schema\/logo\/image\/"}}]}},"_links":{"self":[{"href":"https:\/\/myherba-shopping.com\/en\/wp-json\/wp\/v2\/product\/9810","targetHints":{"allow":["GET"]}}],"collection":[{"href":"https:\/\/myherba-shopping.com\/en\/wp-json\/wp\/v2\/product"}],"about":[{"href":"https:\/\/myherba-shopping.com\/en\/wp-json\/wp\/v2\/types\/product"}],"replies":[{"embeddable":true,"href":"https:\/\/myherba-shopping.com\/en\/wp-json\/wp\/v2\/comments?post=9810"}],"wp:featuredmedia":[{"embeddable":true,"href":"https:\/\/myherba-shopping.com\/en\/wp-json\/wp\/v2\/media\/9067"}],"wp:attachment":[{"href":"https:\/\/myherba-shopping.com\/en\/wp-json\/wp\/v2\/media?parent=9810"}],"wp:term":[{"taxonomy":"product_brand","embeddable":true,"href":"https:\/\/myherba-shopping.com\/en\/wp-json\/wp\/v2\/product_brand?post=9810"},{"taxonomy":"product_cat","embeddable":true,"href":"https:\/\/myherba-shopping.com\/en\/wp-json\/wp\/v2\/product_cat?post=9810"},{"taxonomy":"product_tag","embeddable":true,"href":"https:\/\/myherba-shopping.com\/en\/wp-json\/wp\/v2\/product_tag?post=9810"}],"curies":[{"name":"wp","href":"https:\/\/api.w.org\/{rel}","templated":true}]}}